{"id":182,"date":"2019-09-24T13:21:01","date_gmt":"2019-09-24T13:21:01","guid":{"rendered":"http:\/\/www.cilingirmersin.com\/eminusta\/?page_id=182"},"modified":"2019-09-24T14:07:09","modified_gmt":"2019-09-24T14:07:09","slug":"galeri","status":"publish","type":"page","link":"https:\/\/www.cilingirmersin.com\/eminusta\/galeri\/","title":{"rendered":"Galeri"},"content":{"rendered":"\n<ul class=\"wp-block-gallery columns-3 is-cropped wp-block-gallery-1 is-layout-flex wp-block-gallery-is-layout-flex\"><li class=\"blocks-gallery-item\"><figure><img loading=\"lazy\" decoding=\"async\" width=\"832\" height=\"482\" src=\"http:\/\/www.cilingirmersin.com\/eminusta\/wp-content\/uploads\/2019\/09\/1-1.jpg\" alt=\"\" data-id=\"183\" data-link=\"http:\/\/www.cilingirmersin.com\/eminusta\/?attachment_id=183\" class=\"wp-image-183\" srcset=\"https:\/\/www.cilingirmersin.com\/eminusta\/wp-content\/uploads\/2019\/09\/1-1.jpg 832w, https:\/\/www.cilingirmersin.com\/eminusta\/wp-content\/uploads\/2019\/09\/1-1-300x174.jpg 300w, https:\/\/www.cilingirmersin.com\/eminusta\/wp-content\/uploads\/2019\/09\/1-1-768x445.jpg 768w\" sizes=\"auto, (max-width: 832px) 100vw, 832px\" \/><\/figure><\/li><li class=\"blocks-gallery-item\"><figure><img loading=\"lazy\" decoding=\"async\" width=\"814\" height=\"440\" src=\"http:\/\/www.cilingirmersin.com\/eminusta\/wp-content\/uploads\/2019\/09\/2-1.jpg\" alt=\"\" data-id=\"184\" data-link=\"http:\/\/www.cilingirmersin.com\/eminusta\/?attachment_id=184\" class=\"wp-image-184\" srcset=\"https:\/\/www.cilingirmersin.com\/eminusta\/wp-content\/uploads\/2019\/09\/2-1.jpg 814w, https:\/\/www.cilingirmersin.com\/eminusta\/wp-content\/uploads\/2019\/09\/2-1-300x162.jpg 300w, https:\/\/www.cilingirmersin.com\/eminusta\/wp-content\/uploads\/2019\/09\/2-1-768x415.jpg 768w\" sizes=\"auto, (max-width: 814px) 100vw, 814px\" \/><\/figure><\/li><li class=\"blocks-gallery-item\"><figure><img loading=\"lazy\" decoding=\"async\" width=\"748\" height=\"434\" src=\"http:\/\/www.cilingirmersin.com\/eminusta\/wp-content\/uploads\/2019\/09\/3-2.jpg\" alt=\"\" data-id=\"185\" data-link=\"http:\/\/www.cilingirmersin.com\/eminusta\/?attachment_id=185\" class=\"wp-image-185\" srcset=\"https:\/\/www.cilingirmersin.com\/eminusta\/wp-content\/uploads\/2019\/09\/3-2.jpg 748w, https:\/\/www.cilingirmersin.com\/eminusta\/wp-content\/uploads\/2019\/09\/3-2-300x174.jpg 300w\" sizes=\"auto, (max-width: 748px) 100vw, 748px\" \/><\/figure><\/li><li class=\"blocks-gallery-item\"><figure><img loading=\"lazy\" decoding=\"async\" width=\"581\" height=\"447\" src=\"http:\/\/www.cilingirmersin.com\/eminusta\/wp-content\/uploads\/2019\/09\/4-1.jpg\" alt=\"\" data-id=\"186\" data-link=\"http:\/\/www.cilingirmersin.com\/eminusta\/?attachment_id=186\" class=\"wp-image-186\" srcset=\"https:\/\/www.cilingirmersin.com\/eminusta\/wp-content\/uploads\/2019\/09\/4-1.jpg 581w, https:\/\/www.cilingirmersin.com\/eminusta\/wp-content\/uploads\/2019\/09\/4-1-300x231.jpg 300w\" sizes=\"auto, (max-width: 581px) 100vw, 581px\" \/><\/figure><\/li><li class=\"blocks-gallery-item\"><figure><img loading=\"lazy\" decoding=\"async\" width=\"732\" height=\"455\" src=\"http:\/\/www.cilingirmersin.com\/eminusta\/wp-content\/uploads\/2019\/09\/5-1.jpg\" alt=\"\" data-id=\"187\" data-link=\"http:\/\/www.cilingirmersin.com\/eminusta\/?attachment_id=187\" class=\"wp-image-187\" srcset=\"https:\/\/www.cilingirmersin.com\/eminusta\/wp-content\/uploads\/2019\/09\/5-1.jpg 732w, https:\/\/www.cilingirmersin.com\/eminusta\/wp-content\/uploads\/2019\/09\/5-1-300x186.jpg 300w\" sizes=\"auto, (max-width: 732px) 100vw, 732px\" \/><\/figure><\/li><li class=\"blocks-gallery-item\"><figure><img loading=\"lazy\" decoding=\"async\" width=\"597\" height=\"439\" src=\"http:\/\/www.cilingirmersin.com\/eminusta\/wp-content\/uploads\/2019\/09\/6-1.jpg\" alt=\"\" data-id=\"188\" data-link=\"http:\/\/www.cilingirmersin.com\/eminusta\/?attachment_id=188\" class=\"wp-image-188\" srcset=\"https:\/\/www.cilingirmersin.com\/eminusta\/wp-content\/uploads\/2019\/09\/6-1.jpg 597w, https:\/\/www.cilingirmersin.com\/eminusta\/wp-content\/uploads\/2019\/09\/6-1-300x221.jpg 300w\" sizes=\"auto, (max-width: 597px) 100vw, 597px\" \/><\/figure><\/li><li class=\"blocks-gallery-item\"><figure><img loading=\"lazy\" decoding=\"async\" width=\"826\" height=\"416\" src=\"http:\/\/www.cilingirmersin.com\/eminusta\/wp-content\/uploads\/2019\/09\/7-1.jpg\" alt=\"\" data-id=\"189\" data-link=\"http:\/\/www.cilingirmersin.com\/eminusta\/?attachment_id=189\" class=\"wp-image-189\" srcset=\"https:\/\/www.cilingirmersin.com\/eminusta\/wp-content\/uploads\/2019\/09\/7-1.jpg 826w, https:\/\/www.cilingirmersin.com\/eminusta\/wp-content\/uploads\/2019\/09\/7-1-300x151.jpg 300w, https:\/\/www.cilingirmersin.com\/eminusta\/wp-content\/uploads\/2019\/09\/7-1-768x387.jpg 768w\" sizes=\"auto, (max-width: 826px) 100vw, 826px\" \/><\/figure><\/li><li class=\"blocks-gallery-item\"><figure><img loading=\"lazy\" decoding=\"async\" width=\"779\" height=\"429\" src=\"http:\/\/www.cilingirmersin.com\/eminusta\/wp-content\/uploads\/2019\/09\/8-1.jpg\" alt=\"\" data-id=\"190\" data-link=\"http:\/\/www.cilingirmersin.com\/eminusta\/?attachment_id=190\" class=\"wp-image-190\" srcset=\"https:\/\/www.cilingirmersin.com\/eminusta\/wp-content\/uploads\/2019\/09\/8-1.jpg 779w, https:\/\/www.cilingirmersin.com\/eminusta\/wp-content\/uploads\/2019\/09\/8-1-300x165.jpg 300w, https:\/\/www.cilingirmersin.com\/eminusta\/wp-content\/uploads\/2019\/09\/8-1-768x423.jpg 768w\" sizes=\"auto, (max-width: 779px) 100vw, 779px\" \/><\/figure><\/li><\/ul>\n\n\n\n<ul class=\"wp-block-gallery columns-2 is-cropped wp-block-gallery-2 is-layout-flex wp-block-gallery-is-layout-flex\"><li class=\"blocks-gallery-item\"><figure><img loading=\"lazy\" decoding=\"async\" width=\"1024\" height=\"577\" src=\"http:\/\/www.cilingirmersin.com\/eminusta\/wp-content\/uploads\/2019\/09\/92e9ca46-01f2-4c52-abc1-9e66bf62000a-1024x577.jpg\" alt=\"\" data-id=\"193\" data-link=\"http:\/\/www.cilingirmersin.com\/eminusta\/galeri\/92e9ca46-01f2-4c52-abc1-9e66bf62000a\/\" class=\"wp-image-193\" srcset=\"https:\/\/www.cilingirmersin.com\/eminusta\/wp-content\/uploads\/2019\/09\/92e9ca46-01f2-4c52-abc1-9e66bf62000a-1024x577.jpg 1024w, https:\/\/www.cilingirmersin.com\/eminusta\/wp-content\/uploads\/2019\/09\/92e9ca46-01f2-4c52-abc1-9e66bf62000a-300x169.jpg 300w, https:\/\/www.cilingirmersin.com\/eminusta\/wp-content\/uploads\/2019\/09\/92e9ca46-01f2-4c52-abc1-9e66bf62000a-768x433.jpg 768w, https:\/\/www.cilingirmersin.com\/eminusta\/wp-content\/uploads\/2019\/09\/92e9ca46-01f2-4c52-abc1-9e66bf62000a.jpg 1320w\" sizes=\"auto, (max-width: 1024px) 100vw, 1024px\" \/><\/figure><\/li><li class=\"blocks-gallery-item\"><figure><img loading=\"lazy\" decoding=\"async\" width=\"923\" height=\"569\" src=\"http:\/\/www.cilingirmersin.com\/eminusta\/wp-content\/uploads\/2019\/09\/ee47df41-5a02-494a-96fe-dd58f0cc57a1.jpg\" alt=\"\" data-id=\"194\" data-link=\"http:\/\/www.cilingirmersin.com\/eminusta\/galeri\/ee47df41-5a02-494a-96fe-dd58f0cc57a1\/\" class=\"wp-image-194\" srcset=\"https:\/\/www.cilingirmersin.com\/eminusta\/wp-content\/uploads\/2019\/09\/ee47df41-5a02-494a-96fe-dd58f0cc57a1.jpg 923w, https:\/\/www.cilingirmersin.com\/eminusta\/wp-content\/uploads\/2019\/09\/ee47df41-5a02-494a-96fe-dd58f0cc57a1-300x185.jpg 300w, https:\/\/www.cilingirmersin.com\/eminusta\/wp-content\/uploads\/2019\/09\/ee47df41-5a02-494a-96fe-dd58f0cc57a1-768x473.jpg 768w\" sizes=\"auto, (max-width: 923px) 100vw, 923px\" \/><\/figure><\/li><\/ul>\n","protected":false},"excerpt":{"rendered":"","protected":false},"author":1,"featured_media":0,"parent":0,"menu_order":0,"comment_status":"closed","ping_status":"closed","template":"","meta":{"ngg_post_thumbnail":0,"footnotes":""},"class_list":["post-182","page","type-page","status-publish","hentry"],"yoast_head":"<!-- This site is optimized with the Yoast SEO plugin v26.9 - https:\/\/yoast.com\/product\/yoast-seo-wordpress\/ -->\n<title>Galeri | Mersin \u00c7ilingir Hizmetleri | Teknik Anahtar | Emin Usta<\/title>\n<meta name=\"description\" content=\"Mersin \u00c7ilingir Teknik anahtar firmas\u0131n\u0131 yak\u0131ndan tan\u0131y\u0131n. Mersin \u00c7ilingir Hizmetleri | Teknik Anahtar | Emin Usta Galeri\" \/>\n<meta name=\"robots\" content=\"index, follow, max-snippet:-1, max-image-preview:large, max-video-preview:-1\" \/>\n<link rel=\"canonical\" href=\"https:\/\/www.cilingirmersin.com\/eminusta\/galeri\/\" \/>\n<meta property=\"og:locale\" content=\"tr_TR\" \/>\n<meta property=\"og:type\" content=\"article\" \/>\n<meta property=\"og:title\" content=\"Galeri | Mersin \u00c7ilingir Hizmetleri | Teknik Anahtar | Emin Usta\" \/>\n<meta property=\"og:description\" content=\"Mersin \u00c7ilingir Teknik anahtar firmas\u0131n\u0131 yak\u0131ndan tan\u0131y\u0131n. Mersin \u00c7ilingir Hizmetleri | Teknik Anahtar | Emin Usta Galeri\" \/>\n<meta property=\"og:url\" content=\"https:\/\/www.cilingirmersin.com\/eminusta\/galeri\/\" \/>\n<meta property=\"og:site_name\" content=\"Mersin \u00c7ilingir Hizmetleri | Teknik Anahtar | Emin Usta\" \/>\n<meta property=\"article:publisher\" content=\"https:\/\/www.facebook.com\/teknikanahtarci\/\" \/>\n<meta property=\"article:modified_time\" content=\"2019-09-24T14:07:09+00:00\" \/>\n<meta property=\"og:image\" content=\"http:\/\/www.cilingirmersin.com\/eminusta\/wp-content\/uploads\/2019\/09\/1-1.jpg\" \/>\n<meta name=\"twitter:card\" content=\"summary_large_image\" \/>\n<meta name=\"twitter:site\" content=\"@teknikanahtar\" \/>\n<script type=\"application\/ld+json\" class=\"yoast-schema-graph\">{\"@context\":\"https:\/\/schema.org\",\"@graph\":[{\"@type\":\"WebPage\",\"@id\":\"https:\/\/www.cilingirmersin.com\/eminusta\/galeri\/\",\"url\":\"https:\/\/www.cilingirmersin.com\/eminusta\/galeri\/\",\"name\":\"Galeri | Mersin \u00c7ilingir Hizmetleri | Teknik Anahtar | Emin Usta\",\"isPartOf\":{\"@id\":\"https:\/\/www.cilingirmersin.com\/eminusta\/#website\"},\"primaryImageOfPage\":{\"@id\":\"https:\/\/www.cilingirmersin.com\/eminusta\/galeri\/#primaryimage\"},\"image\":{\"@id\":\"https:\/\/www.cilingirmersin.com\/eminusta\/galeri\/#primaryimage\"},\"thumbnailUrl\":\"http:\/\/www.cilingirmersin.com\/eminusta\/wp-content\/uploads\/2019\/09\/1-1.jpg\",\"datePublished\":\"2019-09-24T13:21:01+00:00\",\"dateModified\":\"2019-09-24T14:07:09+00:00\",\"description\":\"Mersin \u00c7ilingir Teknik anahtar firmas\u0131n\u0131 yak\u0131ndan tan\u0131y\u0131n. Mersin \u00c7ilingir Hizmetleri | Teknik Anahtar | Emin Usta Galeri\",\"breadcrumb\":{\"@id\":\"https:\/\/www.cilingirmersin.com\/eminusta\/galeri\/#breadcrumb\"},\"inLanguage\":\"tr\",\"potentialAction\":[{\"@type\":\"ReadAction\",\"target\":[\"https:\/\/www.cilingirmersin.com\/eminusta\/galeri\/\"]}]},{\"@type\":\"ImageObject\",\"inLanguage\":\"tr\",\"@id\":\"https:\/\/www.cilingirmersin.com\/eminusta\/galeri\/#primaryimage\",\"url\":\"http:\/\/www.cilingirmersin.com\/eminusta\/wp-content\/uploads\/2019\/09\/1-1.jpg\",\"contentUrl\":\"http:\/\/www.cilingirmersin.com\/eminusta\/wp-content\/uploads\/2019\/09\/1-1.jpg\"},{\"@type\":\"BreadcrumbList\",\"@id\":\"https:\/\/www.cilingirmersin.com\/eminusta\/galeri\/#breadcrumb\",\"itemListElement\":[{\"@type\":\"ListItem\",\"position\":1,\"name\":\"Ana sayfa\",\"item\":\"https:\/\/www.cilingirmersin.com\/eminusta\/\"},{\"@type\":\"ListItem\",\"position\":2,\"name\":\"Galeri\"}]},{\"@type\":\"WebSite\",\"@id\":\"https:\/\/www.cilingirmersin.com\/eminusta\/#website\",\"url\":\"https:\/\/www.cilingirmersin.com\/eminusta\/\",\"name\":\"Mersin \u00c7ilingir Hizmetleri | Teknik Anahtar | Emin Usta\",\"description\":\"\",\"publisher\":{\"@id\":\"https:\/\/www.cilingirmersin.com\/eminusta\/#organization\"},\"potentialAction\":[{\"@type\":\"SearchAction\",\"target\":{\"@type\":\"EntryPoint\",\"urlTemplate\":\"https:\/\/www.cilingirmersin.com\/eminusta\/?s={search_term_string}\"},\"query-input\":{\"@type\":\"PropertyValueSpecification\",\"valueRequired\":true,\"valueName\":\"search_term_string\"}}],\"inLanguage\":\"tr\"},{\"@type\":\"Organization\",\"@id\":\"https:\/\/www.cilingirmersin.com\/eminusta\/#organization\",\"name\":\"Mersin \u00c7ilingir Hizmetleri | Teknik Anahtar | Emin Usta Hizmeinizde\",\"url\":\"https:\/\/www.cilingirmersin.com\/eminusta\/\",\"logo\":{\"@type\":\"ImageObject\",\"inLanguage\":\"tr\",\"@id\":\"https:\/\/www.cilingirmersin.com\/eminusta\/#\/schema\/logo\/image\/\",\"url\":\"https:\/\/www.cilingirmersin.com\/eminusta\/wp-content\/uploads\/2019\/09\/cropped-logo_8-2.png\",\"contentUrl\":\"https:\/\/www.cilingirmersin.com\/eminusta\/wp-content\/uploads\/2019\/09\/cropped-logo_8-2.png\",\"width\":286,\"height\":126,\"caption\":\"Mersin \u00c7ilingir Hizmetleri | Teknik Anahtar | Emin Usta Hizmeinizde\"},\"image\":{\"@id\":\"https:\/\/www.cilingirmersin.com\/eminusta\/#\/schema\/logo\/image\/\"},\"sameAs\":[\"https:\/\/www.facebook.com\/teknikanahtarci\/\",\"https:\/\/x.com\/teknikanahtar\",\"https:\/\/www.instagram.com\/teknik_anahtarci\/\"]}]}<\/script>\n<!-- \/ Yoast SEO plugin. -->","yoast_head_json":{"title":"Galeri | Mersin \u00c7ilingir Hizmetleri | Teknik Anahtar | Emin Usta","description":"Mersin \u00c7ilingir Teknik anahtar firmas\u0131n\u0131 yak\u0131ndan tan\u0131y\u0131n. Mersin \u00c7ilingir Hizmetleri | Teknik Anahtar | Emin Usta Galeri","robots":{"index":"index","follow":"follow","max-snippet":"max-snippet:-1","max-image-preview":"max-image-preview:large","max-video-preview":"max-video-preview:-1"},"canonical":"https:\/\/www.cilingirmersin.com\/eminusta\/galeri\/","og_locale":"tr_TR","og_type":"article","og_title":"Galeri | Mersin \u00c7ilingir Hizmetleri | Teknik Anahtar | Emin Usta","og_description":"Mersin \u00c7ilingir Teknik anahtar firmas\u0131n\u0131 yak\u0131ndan tan\u0131y\u0131n. Mersin \u00c7ilingir Hizmetleri | Teknik Anahtar | Emin Usta Galeri","og_url":"https:\/\/www.cilingirmersin.com\/eminusta\/galeri\/","og_site_name":"Mersin \u00c7ilingir Hizmetleri | Teknik Anahtar | Emin Usta","article_publisher":"https:\/\/www.facebook.com\/teknikanahtarci\/","article_modified_time":"2019-09-24T14:07:09+00:00","og_image":[{"url":"http:\/\/www.cilingirmersin.com\/eminusta\/wp-content\/uploads\/2019\/09\/1-1.jpg","type":"","width":"","height":""}],"twitter_card":"summary_large_image","twitter_site":"@teknikanahtar","schema":{"@context":"https:\/\/schema.org","@graph":[{"@type":"WebPage","@id":"https:\/\/www.cilingirmersin.com\/eminusta\/galeri\/","url":"https:\/\/www.cilingirmersin.com\/eminusta\/galeri\/","name":"Galeri | Mersin \u00c7ilingir Hizmetleri | Teknik Anahtar | Emin Usta","isPartOf":{"@id":"https:\/\/www.cilingirmersin.com\/eminusta\/#website"},"primaryImageOfPage":{"@id":"https:\/\/www.cilingirmersin.com\/eminusta\/galeri\/#primaryimage"},"image":{"@id":"https:\/\/www.cilingirmersin.com\/eminusta\/galeri\/#primaryimage"},"thumbnailUrl":"http:\/\/www.cilingirmersin.com\/eminusta\/wp-content\/uploads\/2019\/09\/1-1.jpg","datePublished":"2019-09-24T13:21:01+00:00","dateModified":"2019-09-24T14:07:09+00:00","description":"Mersin \u00c7ilingir Teknik anahtar firmas\u0131n\u0131 yak\u0131ndan tan\u0131y\u0131n. Mersin \u00c7ilingir Hizmetleri | Teknik Anahtar | Emin Usta Galeri","breadcrumb":{"@id":"https:\/\/www.cilingirmersin.com\/eminusta\/galeri\/#breadcrumb"},"inLanguage":"tr","potentialAction":[{"@type":"ReadAction","target":["https:\/\/www.cilingirmersin.com\/eminusta\/galeri\/"]}]},{"@type":"ImageObject","inLanguage":"tr","@id":"https:\/\/www.cilingirmersin.com\/eminusta\/galeri\/#primaryimage","url":"http:\/\/www.cilingirmersin.com\/eminusta\/wp-content\/uploads\/2019\/09\/1-1.jpg","contentUrl":"http:\/\/www.cilingirmersin.com\/eminusta\/wp-content\/uploads\/2019\/09\/1-1.jpg"},{"@type":"BreadcrumbList","@id":"https:\/\/www.cilingirmersin.com\/eminusta\/galeri\/#breadcrumb","itemListElement":[{"@type":"ListItem","position":1,"name":"Ana sayfa","item":"https:\/\/www.cilingirmersin.com\/eminusta\/"},{"@type":"ListItem","position":2,"name":"Galeri"}]},{"@type":"WebSite","@id":"https:\/\/www.cilingirmersin.com\/eminusta\/#website","url":"https:\/\/www.cilingirmersin.com\/eminusta\/","name":"Mersin \u00c7ilingir Hizmetleri | Teknik Anahtar | Emin Usta","description":"","publisher":{"@id":"https:\/\/www.cilingirmersin.com\/eminusta\/#organization"},"potentialAction":[{"@type":"SearchAction","target":{"@type":"EntryPoint","urlTemplate":"https:\/\/www.cilingirmersin.com\/eminusta\/?s={search_term_string}"},"query-input":{"@type":"PropertyValueSpecification","valueRequired":true,"valueName":"search_term_string"}}],"inLanguage":"tr"},{"@type":"Organization","@id":"https:\/\/www.cilingirmersin.com\/eminusta\/#organization","name":"Mersin \u00c7ilingir Hizmetleri | Teknik Anahtar | Emin Usta Hizmeinizde","url":"https:\/\/www.cilingirmersin.com\/eminusta\/","logo":{"@type":"ImageObject","inLanguage":"tr","@id":"https:\/\/www.cilingirmersin.com\/eminusta\/#\/schema\/logo\/image\/","url":"https:\/\/www.cilingirmersin.com\/eminusta\/wp-content\/uploads\/2019\/09\/cropped-logo_8-2.png","contentUrl":"https:\/\/www.cilingirmersin.com\/eminusta\/wp-content\/uploads\/2019\/09\/cropped-logo_8-2.png","width":286,"height":126,"caption":"Mersin \u00c7ilingir Hizmetleri | Teknik Anahtar | Emin Usta Hizmeinizde"},"image":{"@id":"https:\/\/www.cilingirmersin.com\/eminusta\/#\/schema\/logo\/image\/"},"sameAs":["https:\/\/www.facebook.com\/teknikanahtarci\/","https:\/\/x.com\/teknikanahtar","https:\/\/www.instagram.com\/teknik_anahtarci\/"]}]}},"_links":{"self":[{"href":"https:\/\/www.cilingirmersin.com\/eminusta\/wp-json\/wp\/v2\/pages\/182","targetHints":{"allow":["GET"]}}],"collection":[{"href":"https:\/\/www.cilingirmersin.com\/eminusta\/wp-json\/wp\/v2\/pages"}],"about":[{"href":"https:\/\/www.cilingirmersin.com\/eminusta\/wp-json\/wp\/v2\/types\/page"}],"author":[{"embeddable":true,"href":"https:\/\/www.cilingirmersin.com\/eminusta\/wp-json\/wp\/v2\/users\/1"}],"replies":[{"embeddable":true,"href":"https:\/\/www.cilingirmersin.com\/eminusta\/wp-json\/wp\/v2\/comments?post=182"}],"version-history":[{"count":2,"href":"https:\/\/www.cilingirmersin.com\/eminusta\/wp-json\/wp\/v2\/pages\/182\/revisions"}],"predecessor-version":[{"id":195,"href":"https:\/\/www.cilingirmersin.com\/eminusta\/wp-json\/wp\/v2\/pages\/182\/revisions\/195"}],"wp:attachment":[{"href":"https:\/\/www.cilingirmersin.com\/eminusta\/wp-json\/wp\/v2\/media?parent=182"}],"curies":[{"name":"wp","href":"https:\/\/api.w.org\/{rel}","templated":true}]}}