{"id":2,"date":"2019-09-21T16:47:33","date_gmt":"2019-09-21T16:47:33","guid":{"rendered":"http:\/\/www.cilingirmersin.com\/eminusta\/?page_id=2"},"modified":"2022-08-28T18:10:39","modified_gmt":"2022-08-28T18:10:39","slug":"uviversite-teknikanahtar","status":"publish","type":"page","link":"https:\/\/www.cilingirmersin.com\/eminusta\/","title":{"rendered":"Teknik Anahtar \u00c7ilingir Hizmetleri"},"content":{"rendered":"<div class=\"wp-block-image\">\n<figure class=\"alignleft is-resized\"><img loading=\"lazy\" decoding=\"async\" src=\"http:\/\/www.cilingirmersin.com\/eminusta\/wp-content\/uploads\/2019\/09\/3.jpg\" alt=\"Teknik Anahtar\" class=\"wp-image-163\" width=\"348\" height=\"201\" srcset=\"https:\/\/www.cilingirmersin.com\/eminusta\/wp-content\/uploads\/2019\/09\/3.jpg 748w, https:\/\/www.cilingirmersin.com\/eminusta\/wp-content\/uploads\/2019\/09\/3-300x174.jpg 300w\" sizes=\"auto, (max-width: 348px) 100vw, 348px\" \/><figcaption>\u00c7ilingirde g\u00fcvende olun.<\/figcaption><\/figure>\n<\/div>\n\n\n<p><a href=\"https:\/\/www.instagram.com\/teknik_anahtarci\/\">Teknik Anahtar ve \u00c7ilingir Hizmetleri<\/a> olarak, fonksiyonel a\u00e7\u0131dan en iyi y\u00f6ntemler ile farkl\u0131 \u00e7\u00f6z\u00fcmler olu\u015fturuyoruz. Kaliteden \u00f6d\u00fcn vermeden m\u00fc\u015fteri beklentilerinin \u00fcst\u00fcne \u00e7\u0131kmak i\u00e7in \u00e7al\u0131\u015f\u0131yoruz. M\u00fc\u015fterilerimizin ko\u015fulsuz memnuniyetini sa\u011flamak ve \u00e7al\u0131\u015fanlar\u0131m\u0131z\u0131n tatmin ve memnuniyetini sa\u011flayarak sekt\u00f6r\u00fcm\u00fcze \u00f6nc\u00fcl\u00fck etmek vizyonumuzdur.<\/p>\n\n\n\n<p>Kaliteli hizmet sunmaya \u00e7al\u0131\u015f\u0131yoruz. M\u00fc\u015fteri memnuniyetini en \u00fcst d\u00fczeye \u00e7\u0131karmak bizim i\u00e7in bir misyondur. M\u00fc\u015fterilerimizin zaman\u0131na ve haklar\u0131na sayg\u0131 duymak profesyonelli\u011fin gere\u011fidir. \u0130nsanl\u0131\u011fa, \u00e7evreye ve evrensel de\u011ferlere olan sorumluluklar\u0131m\u0131z\u0131 yerine getirmek en \u00f6nemli de\u011ferlerimiz aras\u0131ndad\u0131r.<\/p>\n\n\n\n<p><\/p>\n\n\n\n<blockquote class=\"wp-block-quote is-layout-flow wp-block-quote-is-layout-flow\"><p> Bilmenizi isteriz ki;<\/p><p>Teknik anahtar olarak m\u00fc\u015fteri beklentilerini her defas\u0131nda zaman\u0131nda ve tam olarak kar\u015f\u0131lamak; \u00e7evreye sayg\u0131l\u0131, estetik ve fonksiyonel a\u00e7\u0131dan m\u00fc\u015fteri memnuniyetini en \u00fcst d\u00fczeyde sa\u011flayacak hizmeti sunma \u00e7abas\u0131 i\u00e7erisindeyiz.<br> Hizmette g\u00fcven, m\u00fc\u015fteri memnuniyeti, kalite, h\u0131z ve stabilite, prensiplerine ba\u011fl\u0131, etik de\u011ferleri olan, m\u00fc\u015fteri odakl\u0131 \u00e7\u00f6z\u00fcmlere \u00f6nem veren, sosyal sorumluluk sahibi bir kurulu\u015f olmak ve %100 m\u00fc\u015fteri memnuniyetini sa\u011flamay\u0131 hedefliyoruz. <\/p><\/blockquote>\n\n\n\n<p><\/p>\n\n\n\n<blockquote class=\"wp-block-quote is-layout-flow wp-block-quote-is-layout-flow\"><p> &#8220;D\u00fcnyada yaln\u0131zca iki kalite vard\u0131r; verim ve verimsizlik. Ve iki tip insan vard\u0131r; verimliler ve verimsizler.&#8221;<\/p><\/blockquote>\n\n\n\n<p>  (G. Bernard Shaw)  <\/p>\n","protected":false},"excerpt":{"rendered":"<p>Teknik Anahtar ve \u00c7ilingir Hizmetleri olarak, fonksiyonel a\u00e7\u0131dan en iyi y\u00f6ntemler ile farkl\u0131 \u00e7\u00f6z\u00fcmler olu\u015fturuyoruz. Kaliteden \u00f6d\u00fcn vermeden m\u00fc\u015fteri beklentilerinin \u00fcst\u00fcne \u00e7\u0131kmak i\u00e7in \u00e7al\u0131\u015f\u0131yoruz. M\u00fc\u015fterilerimizin ko\u015fulsuz memnuniyetini sa\u011flamak ve \u00e7al\u0131\u015fanlar\u0131m\u0131z\u0131n tatmin ve memnuniyetini sa\u011flayarak sekt\u00f6r\u00fcm\u00fcze \u00f6nc\u00fcl\u00fck etmek vizyonumuzdur. Kaliteli hizmet sunmaya \u00e7al\u0131\u015f\u0131yoruz. M\u00fc\u015fteri memnuniyetini en \u00fcst d\u00fczeye \u00e7\u0131karmak bizim i\u00e7in bir misyondur. M\u00fc\u015fterilerimizin zaman\u0131na ve [&hellip;]<\/p>\n","protected":false},"author":1,"featured_media":0,"parent":0,"menu_order":0,"comment_status":"closed","ping_status":"open","template":"","meta":{"ngg_post_thumbnail":0,"footnotes":""},"class_list":["post-2","page","type-page","status-publish","hentry"],"yoast_head":"<!-- This site is optimized with the Yoast SEO plugin v26.9 - https:\/\/yoast.com\/product\/yoast-seo-wordpress\/ -->\n<title>Teknik Anahtar \u00c7ilingir Hizmetleri | Mersin \u00c7ilingir Hizmetleri | Teknik Anahtar | Emin Usta<\/title>\n<meta name=\"description\" content=\"\u00dcniversite, Mezitli ve \u00e7evresinde \u00e7ilingir ihtiyac\u0131n\u0131za en iyi ve g\u00fcvenli \u00e7\u00f6z\u00fcmler sunuyoruz.\" \/>\n<meta name=\"robots\" content=\"index, follow, max-snippet:-1, max-image-preview:large, max-video-preview:-1\" \/>\n<link rel=\"canonical\" href=\"https:\/\/www.cilingirmersin.com\/eminusta\/\" \/>\n<meta property=\"og:locale\" content=\"tr_TR\" \/>\n<meta property=\"og:type\" content=\"article\" \/>\n<meta property=\"og:title\" content=\"Teknik Anahtar \u00c7ilingir Hizmetleri | Mersin \u00c7ilingir Hizmetleri | Teknik Anahtar | Emin Usta\" \/>\n<meta property=\"og:description\" content=\"\u00dcniversite, Mezitli ve \u00e7evresinde \u00e7ilingir ihtiyac\u0131n\u0131za en iyi ve g\u00fcvenli \u00e7\u00f6z\u00fcmler sunuyoruz.\" \/>\n<meta property=\"og:url\" content=\"https:\/\/www.cilingirmersin.com\/eminusta\/\" \/>\n<meta property=\"og:site_name\" content=\"Mersin \u00c7ilingir Hizmetleri | Teknik Anahtar | Emin Usta\" \/>\n<meta property=\"article:publisher\" content=\"https:\/\/www.facebook.com\/teknikanahtarci\/\" \/>\n<meta property=\"article:modified_time\" content=\"2022-08-28T18:10:39+00:00\" \/>\n<meta property=\"og:image\" content=\"http:\/\/www.cilingirmersin.com\/eminusta\/wp-content\/uploads\/2019\/09\/3.jpg\" \/>\n<meta name=\"twitter:card\" content=\"summary_large_image\" \/>\n<meta name=\"twitter:site\" content=\"@teknikanahtar\" \/>\n<meta name=\"twitter:label1\" content=\"Tahmini okuma s\u00fcresi\" \/>\n\t<meta name=\"twitter:data1\" content=\"2 dakika\" \/>\n<script type=\"application\/ld+json\" class=\"yoast-schema-graph\">{\"@context\":\"https:\/\/schema.org\",\"@graph\":[{\"@type\":\"WebPage\",\"@id\":\"https:\/\/www.cilingirmersin.com\/eminusta\/\",\"url\":\"https:\/\/www.cilingirmersin.com\/eminusta\/\",\"name\":\"Teknik Anahtar \u00c7ilingir Hizmetleri | Mersin \u00c7ilingir Hizmetleri | Teknik Anahtar | Emin Usta\",\"isPartOf\":{\"@id\":\"https:\/\/www.cilingirmersin.com\/eminusta\/#website\"},\"primaryImageOfPage\":{\"@id\":\"https:\/\/www.cilingirmersin.com\/eminusta\/#primaryimage\"},\"image\":{\"@id\":\"https:\/\/www.cilingirmersin.com\/eminusta\/#primaryimage\"},\"thumbnailUrl\":\"http:\/\/www.cilingirmersin.com\/eminusta\/wp-content\/uploads\/2019\/09\/3.jpg\",\"datePublished\":\"2019-09-21T16:47:33+00:00\",\"dateModified\":\"2022-08-28T18:10:39+00:00\",\"description\":\"\u00dcniversite, Mezitli ve \u00e7evresinde \u00e7ilingir ihtiyac\u0131n\u0131za en iyi ve g\u00fcvenli \u00e7\u00f6z\u00fcmler sunuyoruz.\",\"breadcrumb\":{\"@id\":\"https:\/\/www.cilingirmersin.com\/eminusta\/#breadcrumb\"},\"inLanguage\":\"tr\",\"potentialAction\":[{\"@type\":\"ReadAction\",\"target\":[\"https:\/\/www.cilingirmersin.com\/eminusta\/\"]}]},{\"@type\":\"ImageObject\",\"inLanguage\":\"tr\",\"@id\":\"https:\/\/www.cilingirmersin.com\/eminusta\/#primaryimage\",\"url\":\"http:\/\/www.cilingirmersin.com\/eminusta\/wp-content\/uploads\/2019\/09\/3.jpg\",\"contentUrl\":\"http:\/\/www.cilingirmersin.com\/eminusta\/wp-content\/uploads\/2019\/09\/3.jpg\"},{\"@type\":\"BreadcrumbList\",\"@id\":\"https:\/\/www.cilingirmersin.com\/eminusta\/#breadcrumb\",\"itemListElement\":[{\"@type\":\"ListItem\",\"position\":1,\"name\":\"Ana sayfa\",\"item\":\"https:\/\/www.cilingirmersin.com\/eminusta\/\"},{\"@type\":\"ListItem\",\"position\":2,\"name\":\"Teknik Anahtar \u00c7ilingir Hizmetleri\"}]},{\"@type\":\"WebSite\",\"@id\":\"https:\/\/www.cilingirmersin.com\/eminusta\/#website\",\"url\":\"https:\/\/www.cilingirmersin.com\/eminusta\/\",\"name\":\"Mersin \u00c7ilingir Hizmetleri | Teknik Anahtar | Emin Usta\",\"description\":\"\",\"publisher\":{\"@id\":\"https:\/\/www.cilingirmersin.com\/eminusta\/#organization\"},\"potentialAction\":[{\"@type\":\"SearchAction\",\"target\":{\"@type\":\"EntryPoint\",\"urlTemplate\":\"https:\/\/www.cilingirmersin.com\/eminusta\/?s={search_term_string}\"},\"query-input\":{\"@type\":\"PropertyValueSpecification\",\"valueRequired\":true,\"valueName\":\"search_term_string\"}}],\"inLanguage\":\"tr\"},{\"@type\":\"Organization\",\"@id\":\"https:\/\/www.cilingirmersin.com\/eminusta\/#organization\",\"name\":\"Mersin \u00c7ilingir Hizmetleri | Teknik Anahtar | Emin Usta Hizmeinizde\",\"url\":\"https:\/\/www.cilingirmersin.com\/eminusta\/\",\"logo\":{\"@type\":\"ImageObject\",\"inLanguage\":\"tr\",\"@id\":\"https:\/\/www.cilingirmersin.com\/eminusta\/#\/schema\/logo\/image\/\",\"url\":\"https:\/\/www.cilingirmersin.com\/eminusta\/wp-content\/uploads\/2019\/09\/cropped-logo_8-2.png\",\"contentUrl\":\"https:\/\/www.cilingirmersin.com\/eminusta\/wp-content\/uploads\/2019\/09\/cropped-logo_8-2.png\",\"width\":286,\"height\":126,\"caption\":\"Mersin \u00c7ilingir Hizmetleri | Teknik Anahtar | Emin Usta Hizmeinizde\"},\"image\":{\"@id\":\"https:\/\/www.cilingirmersin.com\/eminusta\/#\/schema\/logo\/image\/\"},\"sameAs\":[\"https:\/\/www.facebook.com\/teknikanahtarci\/\",\"https:\/\/x.com\/teknikanahtar\",\"https:\/\/www.instagram.com\/teknik_anahtarci\/\"]}]}<\/script>\n<!-- \/ Yoast SEO plugin. -->","yoast_head_json":{"title":"Teknik Anahtar \u00c7ilingir Hizmetleri | Mersin \u00c7ilingir Hizmetleri | Teknik Anahtar | Emin Usta","description":"\u00dcniversite, Mezitli ve \u00e7evresinde \u00e7ilingir ihtiyac\u0131n\u0131za en iyi ve g\u00fcvenli \u00e7\u00f6z\u00fcmler sunuyoruz.","robots":{"index":"index","follow":"follow","max-snippet":"max-snippet:-1","max-image-preview":"max-image-preview:large","max-video-preview":"max-video-preview:-1"},"canonical":"https:\/\/www.cilingirmersin.com\/eminusta\/","og_locale":"tr_TR","og_type":"article","og_title":"Teknik Anahtar \u00c7ilingir Hizmetleri | Mersin \u00c7ilingir Hizmetleri | Teknik Anahtar | Emin Usta","og_description":"\u00dcniversite, Mezitli ve \u00e7evresinde \u00e7ilingir ihtiyac\u0131n\u0131za en iyi ve g\u00fcvenli \u00e7\u00f6z\u00fcmler sunuyoruz.","og_url":"https:\/\/www.cilingirmersin.com\/eminusta\/","og_site_name":"Mersin \u00c7ilingir Hizmetleri | Teknik Anahtar | Emin Usta","article_publisher":"https:\/\/www.facebook.com\/teknikanahtarci\/","article_modified_time":"2022-08-28T18:10:39+00:00","og_image":[{"url":"http:\/\/www.cilingirmersin.com\/eminusta\/wp-content\/uploads\/2019\/09\/3.jpg","type":"","width":"","height":""}],"twitter_card":"summary_large_image","twitter_site":"@teknikanahtar","twitter_misc":{"Tahmini okuma s\u00fcresi":"2 dakika"},"schema":{"@context":"https:\/\/schema.org","@graph":[{"@type":"WebPage","@id":"https:\/\/www.cilingirmersin.com\/eminusta\/","url":"https:\/\/www.cilingirmersin.com\/eminusta\/","name":"Teknik Anahtar \u00c7ilingir Hizmetleri | Mersin \u00c7ilingir Hizmetleri | Teknik Anahtar | Emin Usta","isPartOf":{"@id":"https:\/\/www.cilingirmersin.com\/eminusta\/#website"},"primaryImageOfPage":{"@id":"https:\/\/www.cilingirmersin.com\/eminusta\/#primaryimage"},"image":{"@id":"https:\/\/www.cilingirmersin.com\/eminusta\/#primaryimage"},"thumbnailUrl":"http:\/\/www.cilingirmersin.com\/eminusta\/wp-content\/uploads\/2019\/09\/3.jpg","datePublished":"2019-09-21T16:47:33+00:00","dateModified":"2022-08-28T18:10:39+00:00","description":"\u00dcniversite, Mezitli ve \u00e7evresinde \u00e7ilingir ihtiyac\u0131n\u0131za en iyi ve g\u00fcvenli \u00e7\u00f6z\u00fcmler sunuyoruz.","breadcrumb":{"@id":"https:\/\/www.cilingirmersin.com\/eminusta\/#breadcrumb"},"inLanguage":"tr","potentialAction":[{"@type":"ReadAction","target":["https:\/\/www.cilingirmersin.com\/eminusta\/"]}]},{"@type":"ImageObject","inLanguage":"tr","@id":"https:\/\/www.cilingirmersin.com\/eminusta\/#primaryimage","url":"http:\/\/www.cilingirmersin.com\/eminusta\/wp-content\/uploads\/2019\/09\/3.jpg","contentUrl":"http:\/\/www.cilingirmersin.com\/eminusta\/wp-content\/uploads\/2019\/09\/3.jpg"},{"@type":"BreadcrumbList","@id":"https:\/\/www.cilingirmersin.com\/eminusta\/#breadcrumb","itemListElement":[{"@type":"ListItem","position":1,"name":"Ana sayfa","item":"https:\/\/www.cilingirmersin.com\/eminusta\/"},{"@type":"ListItem","position":2,"name":"Teknik Anahtar \u00c7ilingir Hizmetleri"}]},{"@type":"WebSite","@id":"https:\/\/www.cilingirmersin.com\/eminusta\/#website","url":"https:\/\/www.cilingirmersin.com\/eminusta\/","name":"Mersin \u00c7ilingir Hizmetleri | Teknik Anahtar | Emin Usta","description":"","publisher":{"@id":"https:\/\/www.cilingirmersin.com\/eminusta\/#organization"},"potentialAction":[{"@type":"SearchAction","target":{"@type":"EntryPoint","urlTemplate":"https:\/\/www.cilingirmersin.com\/eminusta\/?s={search_term_string}"},"query-input":{"@type":"PropertyValueSpecification","valueRequired":true,"valueName":"search_term_string"}}],"inLanguage":"tr"},{"@type":"Organization","@id":"https:\/\/www.cilingirmersin.com\/eminusta\/#organization","name":"Mersin \u00c7ilingir Hizmetleri | Teknik Anahtar | Emin Usta Hizmeinizde","url":"https:\/\/www.cilingirmersin.com\/eminusta\/","logo":{"@type":"ImageObject","inLanguage":"tr","@id":"https:\/\/www.cilingirmersin.com\/eminusta\/#\/schema\/logo\/image\/","url":"https:\/\/www.cilingirmersin.com\/eminusta\/wp-content\/uploads\/2019\/09\/cropped-logo_8-2.png","contentUrl":"https:\/\/www.cilingirmersin.com\/eminusta\/wp-content\/uploads\/2019\/09\/cropped-logo_8-2.png","width":286,"height":126,"caption":"Mersin \u00c7ilingir Hizmetleri | Teknik Anahtar | Emin Usta Hizmeinizde"},"image":{"@id":"https:\/\/www.cilingirmersin.com\/eminusta\/#\/schema\/logo\/image\/"},"sameAs":["https:\/\/www.facebook.com\/teknikanahtarci\/","https:\/\/x.com\/teknikanahtar","https:\/\/www.instagram.com\/teknik_anahtarci\/"]}]}},"_links":{"self":[{"href":"https:\/\/www.cilingirmersin.com\/eminusta\/wp-json\/wp\/v2\/pages\/2","targetHints":{"allow":["GET"]}}],"collection":[{"href":"https:\/\/www.cilingirmersin.com\/eminusta\/wp-json\/wp\/v2\/pages"}],"about":[{"href":"https:\/\/www.cilingirmersin.com\/eminusta\/wp-json\/wp\/v2\/types\/page"}],"author":[{"embeddable":true,"href":"https:\/\/www.cilingirmersin.com\/eminusta\/wp-json\/wp\/v2\/users\/1"}],"replies":[{"embeddable":true,"href":"https:\/\/www.cilingirmersin.com\/eminusta\/wp-json\/wp\/v2\/comments?post=2"}],"version-history":[{"count":12,"href":"https:\/\/www.cilingirmersin.com\/eminusta\/wp-json\/wp\/v2\/pages\/2\/revisions"}],"predecessor-version":[{"id":226,"href":"https:\/\/www.cilingirmersin.com\/eminusta\/wp-json\/wp\/v2\/pages\/2\/revisions\/226"}],"wp:attachment":[{"href":"https:\/\/www.cilingirmersin.com\/eminusta\/wp-json\/wp\/v2\/media?parent=2"}],"curies":[{"name":"wp","href":"https:\/\/api.w.org\/{rel}","templated":true}]}}